{"id":366,"date":"2008-10-06T09:46:48","date_gmt":"2008-10-06T07:46:48","guid":{"rendered":"http:\/\/fromlet.bbsresearch.se\/?page_id=2"},"modified":"2017-02-07T16:03:26","modified_gmt":"2017-02-07T15:03:26","slug":"about","status":"publish","type":"page","link":"https:\/\/blogg.lnu.se\/fromlet-bbsresearch\/?page_id=366","title":{"rendered":"Hubert Fromlet"},"content":{"rendered":"<p>Hubert Fromlet \u00e4r affilierad professor vid Ekonomih\u00f6gskolan inom Linn\u00e9universitetet (LNU) i Kalmar och V\u00e4xj\u00f6.<\/p>\n<p><span style=\"line-height: 1.428571429\"><a href=\"http:\/\/blogg.lnu.se\/fromlet-bbsresearch\/files\/2013\/12\/hubert_fromlet.jpg\"><img decoding=\"async\" class=\"alignleft wp-image-12\" title=\"hubert_fromlet\" src=\"http:\/\/blogg.lnu.se\/fromlet-bbsresearch\/files\/2013\/12\/hubert_fromlet.jpg\" alt=\"\" width=\"100\" \/><\/a>Under \u00e5ren 2001-2013 hade han dessutom adjungerade professurer vid Blekinge Tekniska H\u00f6gskola, LNU och Internationella Handelsh\u00f6gskolan i J\u00f6nk\u00f6ping. Tidigare arbetade Hubert Fromlet ocks\u00e5 under en l\u00e4ngre tid som chefekonom i Swedbank. Idag \u00e4r han ocks\u00e5 bl a styrelseledamot i Nationalekonomiska F\u00f6reningen.<\/span><\/p>\n<p>Fromlets specialomr\u00e5de \u00e4r internationell ekonomi. Han analyserar regelbundet p\u00e5 denna sida viktiga ekonomiska h\u00e4ndelser, trender och forskningsrapporter avseende \u00d6stersj\u00f6regionen och de st\u00f6rre asiatiska ekonomierna med Kina, Indien och Japan i spetsen.<\/p>\n","protected":false},"excerpt":{"rendered":"<p>Hubert Fromlet \u00e4r affilierad professor vid Ekonomih\u00f6gskolan inom Linn\u00e9universitetet (LNU) i Kalmar och V\u00e4xj\u00f6. Under \u00e5ren 2001-2013 hade han dessutom adjungerade professurer vid Blekinge Tekniska H\u00f6gskola, LNU och Internationella Handelsh\u00f6gskolan i J\u00f6nk\u00f6ping. Tidigare arbetade Hubert Fromlet ocks\u00e5 under en l\u00e4ngre tid som chefekonom i Swedbank. Idag \u00e4r han ocks\u00e5 bl a styrelseledamot i Nationalekonomiska F\u00f6reningen. [&hellip;]<\/p>\n","protected":false},"author":1,"featured_media":0,"parent":0,"menu_order":0,"comment_status":"open","ping_status":"open","template":"","meta":{"footnotes":""},"class_list":["post-366","page","type-page","status-publish","hentry"],"acf":[],"yoast_head":"<!-- This site is optimized with the Yoast SEO plugin v21.7 - https:\/\/yoast.com\/wordpress\/plugins\/seo\/ -->\r\n<title>Hubert Fromlet - Baltic Business Research<\/title>\r\n<meta name=\"robots\" content=\"index, follow, max-snippet:-1, max-image-preview:large, max-video-preview:-1\" \/>\r\n<link rel=\"canonical\" href=\"https:\/\/blogg.lnu.se\/fromlet-bbsresearch\/?page_id=366\" \/>\r\n<meta property=\"og:locale\" content=\"sv_SE\" \/>\r\n<meta property=\"og:type\" content=\"article\" \/>\r\n<meta property=\"og:title\" content=\"Hubert Fromlet - Baltic Business Research\" \/>\r\n<meta property=\"og:description\" content=\"Hubert Fromlet \u00e4r affilierad professor vid Ekonomih\u00f6gskolan inom Linn\u00e9universitetet (LNU) i Kalmar och V\u00e4xj\u00f6. Under \u00e5ren 2001-2013 hade han dessutom adjungerade professurer vid Blekinge Tekniska H\u00f6gskola, LNU och Internationella Handelsh\u00f6gskolan i J\u00f6nk\u00f6ping. Tidigare arbetade Hubert Fromlet ocks\u00e5 under en l\u00e4ngre tid som chefekonom i Swedbank. Idag \u00e4r han ocks\u00e5 bl a styrelseledamot i Nationalekonomiska F\u00f6reningen. [&hellip;]\" \/>\r\n<meta property=\"og:url\" content=\"https:\/\/blogg.lnu.se\/fromlet-bbsresearch\/?page_id=366\" \/>\r\n<meta property=\"og:site_name\" content=\"Baltic Business Research\" \/>\r\n<meta property=\"article:modified_time\" content=\"2017-02-07T15:03:26+00:00\" \/>\r\n<meta property=\"og:image\" content=\"https:\/\/blogg.lnu.se\/fromlet-bbsresearch\/files\/2013\/12\/hubert_fromlet.jpg\" \/>\r\n<meta name=\"twitter:card\" content=\"summary_large_image\" \/>\r\n<script type=\"application\/ld+json\" class=\"yoast-schema-graph\">{\"@context\":\"https:\/\/schema.org\",\"@graph\":[{\"@type\":\"WebPage\",\"@id\":\"https:\/\/blogg.lnu.se\/fromlet-bbsresearch\/?page_id=366\",\"url\":\"https:\/\/blogg.lnu.se\/fromlet-bbsresearch\/?page_id=366\",\"name\":\"Hubert Fromlet - Baltic Business Research\",\"isPartOf\":{\"@id\":\"https:\/\/blogg.lnu.se\/fromlet-bbsresearch\/#website\"},\"datePublished\":\"2008-10-06T07:46:48+00:00\",\"dateModified\":\"2017-02-07T15:03:26+00:00\",\"inLanguage\":\"sv-SE\",\"potentialAction\":[{\"@type\":\"ReadAction\",\"target\":[\"https:\/\/blogg.lnu.se\/fromlet-bbsresearch\/?page_id=366\"]}]},{\"@type\":\"WebSite\",\"@id\":\"https:\/\/blogg.lnu.se\/fromlet-bbsresearch\/#website\",\"url\":\"https:\/\/blogg.lnu.se\/fromlet-bbsresearch\/\",\"name\":\"Baltic Business Research\",\"description\":\"Hubert Fromlet diskuterar den svenska och internationella ekonomin\",\"potentialAction\":[{\"@type\":\"SearchAction\",\"target\":{\"@type\":\"EntryPoint\",\"urlTemplate\":\"https:\/\/blogg.lnu.se\/fromlet-bbsresearch\/?s={search_term_string}\"},\"query-input\":\"required name=search_term_string\"}],\"inLanguage\":\"sv-SE\"}]}<\/script>\r\n<!-- \/ Yoast SEO plugin. -->","yoast_head_json":{"title":"Hubert Fromlet - Baltic Business Research","robots":{"index":"index","follow":"follow","max-snippet":"max-snippet:-1","max-image-preview":"max-image-preview:large","max-video-preview":"max-video-preview:-1"},"canonical":"https:\/\/blogg.lnu.se\/fromlet-bbsresearch\/?page_id=366","og_locale":"sv_SE","og_type":"article","og_title":"Hubert Fromlet - Baltic Business Research","og_description":"Hubert Fromlet \u00e4r affilierad professor vid Ekonomih\u00f6gskolan inom Linn\u00e9universitetet (LNU) i Kalmar och V\u00e4xj\u00f6. Under \u00e5ren 2001-2013 hade han dessutom adjungerade professurer vid Blekinge Tekniska H\u00f6gskola, LNU och Internationella Handelsh\u00f6gskolan i J\u00f6nk\u00f6ping. Tidigare arbetade Hubert Fromlet ocks\u00e5 under en l\u00e4ngre tid som chefekonom i Swedbank. Idag \u00e4r han ocks\u00e5 bl a styrelseledamot i Nationalekonomiska F\u00f6reningen. [&hellip;]","og_url":"https:\/\/blogg.lnu.se\/fromlet-bbsresearch\/?page_id=366","og_site_name":"Baltic Business Research","article_modified_time":"2017-02-07T15:03:26+00:00","og_image":[{"url":"https:\/\/blogg.lnu.se\/fromlet-bbsresearch\/files\/2013\/12\/hubert_fromlet.jpg"}],"twitter_card":"summary_large_image","schema":{"@context":"https:\/\/schema.org","@graph":[{"@type":"WebPage","@id":"https:\/\/blogg.lnu.se\/fromlet-bbsresearch\/?page_id=366","url":"https:\/\/blogg.lnu.se\/fromlet-bbsresearch\/?page_id=366","name":"Hubert Fromlet - Baltic Business Research","isPartOf":{"@id":"https:\/\/blogg.lnu.se\/fromlet-bbsresearch\/#website"},"datePublished":"2008-10-06T07:46:48+00:00","dateModified":"2017-02-07T15:03:26+00:00","inLanguage":"sv-SE","potentialAction":[{"@type":"ReadAction","target":["https:\/\/blogg.lnu.se\/fromlet-bbsresearch\/?page_id=366"]}]},{"@type":"WebSite","@id":"https:\/\/blogg.lnu.se\/fromlet-bbsresearch\/#website","url":"https:\/\/blogg.lnu.se\/fromlet-bbsresearch\/","name":"Baltic Business Research","description":"Hubert Fromlet diskuterar den svenska och internationella ekonomin","potentialAction":[{"@type":"SearchAction","target":{"@type":"EntryPoint","urlTemplate":"https:\/\/blogg.lnu.se\/fromlet-bbsresearch\/?s={search_term_string}"},"query-input":"required name=search_term_string"}],"inLanguage":"sv-SE"}]}},"_links":{"self":[{"href":"https:\/\/blogg.lnu.se\/fromlet-bbsresearch\/index.php?rest_route=\/wp\/v2\/pages\/366","targetHints":{"allow":["GET"]}}],"collection":[{"href":"https:\/\/blogg.lnu.se\/fromlet-bbsresearch\/index.php?rest_route=\/wp\/v2\/pages"}],"about":[{"href":"https:\/\/blogg.lnu.se\/fromlet-bbsresearch\/index.php?rest_route=\/wp\/v2\/types\/page"}],"author":[{"embeddable":true,"href":"https:\/\/blogg.lnu.se\/fromlet-bbsresearch\/index.php?rest_route=\/wp\/v2\/users\/1"}],"replies":[{"embeddable":true,"href":"https:\/\/blogg.lnu.se\/fromlet-bbsresearch\/index.php?rest_route=%2Fwp%2Fv2%2Fcomments&post=366"}],"version-history":[{"count":6,"href":"https:\/\/blogg.lnu.se\/fromlet-bbsresearch\/index.php?rest_route=\/wp\/v2\/pages\/366\/revisions"}],"predecessor-version":[{"id":657,"href":"https:\/\/blogg.lnu.se\/fromlet-bbsresearch\/index.php?rest_route=\/wp\/v2\/pages\/366\/revisions\/657"}],"wp:attachment":[{"href":"https:\/\/blogg.lnu.se\/fromlet-bbsresearch\/index.php?rest_route=%2Fwp%2Fv2%2Fmedia&parent=366"}],"curies":[{"name":"wp","href":"https:\/\/api.w.org\/{rel}","templated":true}]}}