{"id":129,"date":"2010-11-10T15:46:35","date_gmt":"2010-11-10T14:46:35","guid":{"rendered":"https:\/\/blogg.lnu.se\/musikproduktionsprogrammet\/"},"modified":"2023-01-16T11:26:55","modified_gmt":"2023-01-16T10:26:55","slug":"mup10-oskarshamn","status":"publish","type":"page","link":"https:\/\/blogg.lnu.se\/musikproduktionsprogrammet\/mup10-oskarshamn\/","title":{"rendered":"MUP10 &#8211; Oskarshamn"},"content":{"rendered":"<table border=\"0\" width=\"453\" align=\"center\">\n<tbody>\n<tr>\n<td class=\"style1\" width=\"101\"><\/td>\n<td class=\"style1\" width=\"342\">\n<div>\n<p><a href=\"mailto:dl222ax@student.lnu.se, davidsvenson@telia.com, jk222cs@student.lnu.se, kw222ap@student.lnu.se, os222ak@student.lnu.se,\">Maila alla i MUP10 Oskarshamn<\/a><\/p>\n<\/div>\n<\/td>\n<\/tr>\n<tr>\n<td class=\"style1\" colspan=\"2\">&#8212;&#8212;&#8212;&#8212;&#8212;&#8212;&#8212;&#8212;&#8212;&#8212;&#8212;&#8212;&#8212;&#8212;&#8212;&#8212;&#8212;&#8212;&#8212;&#8212;&#8212;<\/td>\n<\/tr>\n<tr>\n<td class=\"style1\" align=\"left\" valign=\"top\"><a href=\"https:\/\/blogg.lnu.se\/musikproduktionsprogrammet\/files\/2010\/11\/MUP10_DavidL.jpg\"><img loading=\"lazy\" decoding=\"async\" class=\"alignnone size-full wp-image-132\" src=\"https:\/\/blogg.lnu.se\/musikproduktionsprogrammet\/files\/2010\/11\/MUP10_DavidL.jpg\" alt=\"\" width=\"100\" height=\"100\" \/><\/a><\/td>\n<td class=\"style1\" align=\"left\" valign=\"top\"><strong>Namn<\/strong>: David Lindell<\/p>\n<p><strong>Mobilnummer<\/strong>: 0735428837<\/td>\n<\/tr>\n<tr>\n<td class=\"style1\" colspan=\"2\" align=\"left\" valign=\"top\">\n<div>\n<div>&#8212;&#8212;&#8212;&#8212;&#8212;&#8212;&#8212;&#8212;&#8212;&#8212;&#8212;&#8212;&#8212;&#8212;&#8212;&#8212;&#8212;&#8212;&#8212;&#8212;&#8212;<\/div>\n<\/div>\n<\/td>\n<\/tr>\n<tr>\n<td class=\"style1\" align=\"left\" valign=\"top\"><a href=\"https:\/\/blogg.lnu.se\/musikproduktionsprogrammet\/files\/2010\/11\/MUP10_DavidS.jpg\"><img loading=\"lazy\" decoding=\"async\" class=\"alignnone size-full wp-image-133\" src=\"https:\/\/blogg.lnu.se\/musikproduktionsprogrammet\/files\/2010\/11\/MUP10_DavidS.jpg\" alt=\"\" width=\"100\" height=\"100\" \/><\/a><\/td>\n<td class=\"style1\" align=\"left\" valign=\"top\"><strong>Namn<\/strong>: David Svenson<\/p>\n<p><strong>Mobilnummer<\/strong>: 0706083841<\/p>\n<p><strong>E-mail<\/strong>: <a href=\"mailto:davidsvenson@telia.com\">davidsvenson@telia.com<\/a><\/p>\n<p><strong>F\u00f6delseort<\/strong>: Oskarshamn (V\u00e4stervik)<\/p>\n<p><strong>Instrument<\/strong>: Piano, gitarr<\/p>\n<p><strong>Bakgrund<\/strong>: Jag har spelat piano sedan jag gick i \u00e5rskurs 4 i grundskolan, det inledde mitt allm\u00e4nna musikintresse som idag \u00e4r v\u00e4ldigt br<\/td>\n<\/tr>\n<tr>\n<td class=\"style1\" colspan=\"2\" align=\"left\" valign=\"top\">\n<div>&#8212;&#8212;&#8212;&#8212;&#8212;&#8212;&#8212;&#8212;&#8212;&#8212;&#8212;&#8212;&#8212;&#8212;&#8212;&#8212;&#8212;&#8212;&#8212;&#8212;&#8212;<\/div>\n<\/td>\n<\/tr>\n<tr>\n<td class=\"style1\" align=\"left\" valign=\"top\"><a href=\"https:\/\/blogg.lnu.se\/musikproduktionsprogrammet\/files\/2010\/11\/MUP10_Jesper.jpg\"><img loading=\"lazy\" decoding=\"async\" class=\"alignnone size-full wp-image-134\" src=\"https:\/\/blogg.lnu.se\/musikproduktionsprogrammet\/files\/2010\/11\/MUP10_Jesper.jpg\" alt=\"\" width=\"100\" height=\"100\" \/><\/a><\/td>\n<td class=\"style1\" align=\"left\" valign=\"top\"><strong>Namn<\/strong>: Jesper Klang<\/p>\n<p><strong>Mobilnummer<\/strong>: 0731541878<\/td>\n<\/tr>\n<tr>\n<td class=\"style1\" colspan=\"2\" align=\"left\" valign=\"top\">\n<div>&#8212;&#8212;&#8212;&#8212;&#8212;&#8212;&#8212;&#8212;&#8212;&#8212;&#8212;&#8212;&#8212;&#8212;&#8212;&#8212;&#8212;&#8212;&#8212;&#8212;&#8212;<\/div>\n<\/td>\n<\/tr>\n<tr>\n<td class=\"style1\" align=\"left\" valign=\"top\"><a href=\"https:\/\/blogg.lnu.se\/musikproduktionsprogrammet\/files\/2010\/11\/MUP10_Kim.jpg\"><img loading=\"lazy\" decoding=\"async\" class=\"alignnone size-full wp-image-135\" src=\"https:\/\/blogg.lnu.se\/musikproduktionsprogrammet\/files\/2010\/11\/MUP10_Kim.jpg\" alt=\"\" width=\"100\" height=\"100\" \/><\/a><\/td>\n<td class=\"style1\" align=\"left\" valign=\"top\"><strong>Namn<\/strong>: Kim Wall\u00e9n<\/p>\n<p><strong>Mobilnummer<\/strong>: 073-1818064<\/td>\n<\/tr>\n<tr>\n<td class=\"style1\" colspan=\"2\" align=\"left\" valign=\"top\">\n<div>&#8212;&#8212;&#8212;&#8212;&#8212;&#8212;&#8212;&#8212;&#8212;&#8212;&#8212;&#8212;&#8212;&#8212;&#8212;&#8212;&#8212;&#8212;&#8212;&#8212;&#8212;<\/div>\n<\/td>\n<\/tr>\n<tr>\n<td class=\"style1\" align=\"left\" valign=\"top\"><a href=\"https:\/\/blogg.lnu.se\/musikproduktionsprogrammet\/files\/2010\/11\/MUP10_LarsUH1.jpg\"><img loading=\"lazy\" decoding=\"async\" class=\"alignnone size-full wp-image-401\" src=\"https:\/\/blogg.lnu.se\/musikproduktionsprogrammet\/files\/2010\/11\/MUP10_LarsUH1.jpg\" alt=\"\" width=\"100\" height=\"100\" \/><\/a><\/td>\n<td class=\"style1\" align=\"left\" valign=\"top\">\n<p class=\"style1\"><strong>Namn<\/strong>: Lars Elofsson<\/p>\n<p class=\"style1\"><strong>Mobilnummer<\/strong>: 073-7429465<\/p>\n<\/td>\n<\/tr>\n<tr>\n<td class=\"style1\" colspan=\"2\" align=\"left\" valign=\"top\">\n<div>&#8212;&#8212;&#8212;&#8212;&#8212;&#8212;&#8212;&#8212;&#8212;&#8212;&#8212;&#8212;&#8212;&#8212;&#8212;&#8212;&#8212;&#8212;&#8212;&#8212;&#8212;<\/div>\n<\/td>\n<\/tr>\n<tr>\n<td class=\"style1\" align=\"left\" valign=\"top\"><a href=\"https:\/\/blogg.lnu.se\/musikproduktionsprogrammet\/files\/2010\/11\/MUP10_Olle.jpg\"><img loading=\"lazy\" decoding=\"async\" class=\"alignnone size-full wp-image-137\" src=\"https:\/\/blogg.lnu.se\/musikproduktionsprogrammet\/files\/2010\/11\/MUP10_Olle.jpg\" alt=\"\" width=\"100\" height=\"100\" \/><\/a><\/td>\n<td class=\"style1\" align=\"left\" valign=\"top\"><strong>Namn<\/strong>: Olle Sidvall<\/p>\n<p><strong>Mobilnummer<\/strong>: 0735789648<\/td>\n<\/tr>\n<tr>\n<td colspan=\"2\" align=\"left\" valign=\"top\">\n<div><span class=\"style1\">&#8212;&#8212;&#8212;&#8212;&#8212;&#8212;&#8212;&#8212;&#8212;&#8212;&#8212;&#8212;&#8212;&#8212;&#8212;&#8212;&#8212;&#8212;&#8212;&#8212;&#8212;<\/span><\/div>\n<\/td>\n<\/tr>\n<tr>\n<td><\/td>\n<td align=\"right\">\n<div>\n<p class=\"style1\">\n<\/div>\n<p class=\"style1\">\n<\/td>\n<\/tr>\n<\/tbody>\n<\/table>\n","protected":false},"excerpt":{"rendered":"<p>Maila alla i MUP10 Oskarshamn &#8212;&#8212;&#8212;&#8212;&#8212;&#8212;&#8212;&#8212;&#8212;&#8212;&#8212;&#8212;&#8212;&#8212;&#8212;&#8212;&#8212;&#8212;&#8212;&#8212;&#8212; Namn: David Lindell Mobilnummer: 0735428837 &#8212;&#8212;&#8212;&#8212;&#8212;&#8212;&#8212;&#8212;&#8212;&#8212;&#8212;&#8212;&#8212;&#8212;&#8212;&#8212;&#8212;&#8212;&#8212;&#8212;&#8212; Namn: David Svenson Mobilnummer: 0706083841 E-mail: davidsvenson@telia.com F\u00f6delseort: Oskarshamn (V\u00e4stervik) Instrument: Piano, gitarr Bakgrund: Jag har spelat piano sedan jag gick i \u00e5rskurs 4 i grundskolan, det inledde mitt allm\u00e4nna musikintresse som idag \u00e4r v\u00e4ldigt br &#8212;&#8212;&#8212;&#8212;&#8212;&#8212;&#8212;&#8212;&#8212;&#8212;&#8212;&#8212;&#8212;&#8212;&#8212;&#8212;&#8212;&#8212;&#8212;&#8212;&#8212; Namn: Jesper Klang Mobilnummer: 0731541878 &#8212;&#8212;&#8212;&#8212;&#8212;&#8212;&#8212;&#8212;&#8212;&#8212;&#8212;&#8212;&#8212;&#8212;&#8212;&#8212;&#8212;&#8212;&#8212;&#8212;&#8212; [&hellip;]<\/p>\n","protected":false},"author":2029,"featured_media":0,"parent":0,"menu_order":0,"comment_status":"open","ping_status":"open","template":"","meta":{"footnotes":""},"class_list":["post-129","page","type-page","status-publish","hentry"],"acf":[],"yoast_head":"<!-- This site is optimized with the Yoast SEO plugin v21.7 - https:\/\/yoast.com\/wordpress\/plugins\/seo\/ -->\r\n<title>MUP10 - Oskarshamn - Musikproduktionsprogrammet<\/title>\r\n<meta name=\"robots\" content=\"index, follow, max-snippet:-1, max-image-preview:large, max-video-preview:-1\" \/>\r\n<link rel=\"canonical\" href=\"https:\/\/blogg.lnu.se\/musikproduktionsprogrammet\/mup10-oskarshamn\/\" \/>\r\n<meta property=\"og:locale\" content=\"en_US\" \/>\r\n<meta property=\"og:type\" content=\"article\" \/>\r\n<meta property=\"og:title\" content=\"MUP10 - Oskarshamn - Musikproduktionsprogrammet\" \/>\r\n<meta property=\"og:description\" content=\"Maila alla i MUP10 Oskarshamn &#8212;&#8212;&#8212;&#8212;&#8212;&#8212;&#8212;&#8212;&#8212;&#8212;&#8212;&#8212;&#8212;&#8212;&#8212;&#8212;&#8212;&#8212;&#8212;&#8212;&#8212; Namn: David Lindell Mobilnummer: 0735428837 &#8212;&#8212;&#8212;&#8212;&#8212;&#8212;&#8212;&#8212;&#8212;&#8212;&#8212;&#8212;&#8212;&#8212;&#8212;&#8212;&#8212;&#8212;&#8212;&#8212;&#8212; Namn: David Svenson Mobilnummer: 0706083841 E-mail: davidsvenson@telia.com F\u00f6delseort: Oskarshamn (V\u00e4stervik) Instrument: Piano, gitarr Bakgrund: Jag har spelat piano sedan jag gick i \u00e5rskurs 4 i grundskolan, det inledde mitt allm\u00e4nna musikintresse som idag \u00e4r v\u00e4ldigt br &#8212;&#8212;&#8212;&#8212;&#8212;&#8212;&#8212;&#8212;&#8212;&#8212;&#8212;&#8212;&#8212;&#8212;&#8212;&#8212;&#8212;&#8212;&#8212;&#8212;&#8212; Namn: Jesper Klang Mobilnummer: 0731541878 &#8212;&#8212;&#8212;&#8212;&#8212;&#8212;&#8212;&#8212;&#8212;&#8212;&#8212;&#8212;&#8212;&#8212;&#8212;&#8212;&#8212;&#8212;&#8212;&#8212;&#8212; [&hellip;]\" \/>\r\n<meta property=\"og:url\" content=\"https:\/\/blogg.lnu.se\/musikproduktionsprogrammet\/mup10-oskarshamn\/\" \/>\r\n<meta property=\"og:site_name\" content=\"Musikproduktionsprogrammet\" \/>\r\n<meta property=\"article:modified_time\" content=\"2023-01-16T10:26:55+00:00\" \/>\r\n<meta property=\"og:image\" content=\"https:\/\/blogg.lnu.se\/musikproduktionsprogrammet\/files\/2010\/11\/MUP10_DavidL.jpg\" \/>\r\n<meta name=\"twitter:card\" content=\"summary_large_image\" \/>\r\n<meta name=\"twitter:label1\" content=\"Est. reading time\" \/>\n\t<meta name=\"twitter:data1\" content=\"2 minutes\" \/>\r\n<script type=\"application\/ld+json\" class=\"yoast-schema-graph\">{\"@context\":\"https:\/\/schema.org\",\"@graph\":[{\"@type\":\"WebPage\",\"@id\":\"https:\/\/blogg.lnu.se\/musikproduktionsprogrammet\/mup10-oskarshamn\/\",\"url\":\"https:\/\/blogg.lnu.se\/musikproduktionsprogrammet\/mup10-oskarshamn\/\",\"name\":\"MUP10 - Oskarshamn - Musikproduktionsprogrammet\",\"isPartOf\":{\"@id\":\"https:\/\/blogg.lnu.se\/musikproduktionsprogrammet\/#website\"},\"datePublished\":\"2010-11-10T14:46:35+00:00\",\"dateModified\":\"2023-01-16T10:26:55+00:00\",\"inLanguage\":\"en-US\",\"potentialAction\":[{\"@type\":\"ReadAction\",\"target\":[\"https:\/\/blogg.lnu.se\/musikproduktionsprogrammet\/mup10-oskarshamn\/\"]}]},{\"@type\":\"WebSite\",\"@id\":\"https:\/\/blogg.lnu.se\/musikproduktionsprogrammet\/#website\",\"url\":\"https:\/\/blogg.lnu.se\/musikproduktionsprogrammet\/\",\"name\":\"Musikproduktionsprogrammet\",\"description\":\"\",\"potentialAction\":[{\"@type\":\"SearchAction\",\"target\":{\"@type\":\"EntryPoint\",\"urlTemplate\":\"https:\/\/blogg.lnu.se\/musikproduktionsprogrammet\/?s={search_term_string}\"},\"query-input\":\"required name=search_term_string\"}],\"inLanguage\":\"en-US\"}]}<\/script>\r\n<!-- \/ Yoast SEO plugin. -->","yoast_head_json":{"title":"MUP10 - Oskarshamn - Musikproduktionsprogrammet","robots":{"index":"index","follow":"follow","max-snippet":"max-snippet:-1","max-image-preview":"max-image-preview:large","max-video-preview":"max-video-preview:-1"},"canonical":"https:\/\/blogg.lnu.se\/musikproduktionsprogrammet\/mup10-oskarshamn\/","og_locale":"en_US","og_type":"article","og_title":"MUP10 - Oskarshamn - Musikproduktionsprogrammet","og_description":"Maila alla i MUP10 Oskarshamn &#8212;&#8212;&#8212;&#8212;&#8212;&#8212;&#8212;&#8212;&#8212;&#8212;&#8212;&#8212;&#8212;&#8212;&#8212;&#8212;&#8212;&#8212;&#8212;&#8212;&#8212; Namn: David Lindell Mobilnummer: 0735428837 &#8212;&#8212;&#8212;&#8212;&#8212;&#8212;&#8212;&#8212;&#8212;&#8212;&#8212;&#8212;&#8212;&#8212;&#8212;&#8212;&#8212;&#8212;&#8212;&#8212;&#8212; Namn: David Svenson Mobilnummer: 0706083841 E-mail: davidsvenson@telia.com F\u00f6delseort: Oskarshamn (V\u00e4stervik) Instrument: Piano, gitarr Bakgrund: Jag har spelat piano sedan jag gick i \u00e5rskurs 4 i grundskolan, det inledde mitt allm\u00e4nna musikintresse som idag \u00e4r v\u00e4ldigt br &#8212;&#8212;&#8212;&#8212;&#8212;&#8212;&#8212;&#8212;&#8212;&#8212;&#8212;&#8212;&#8212;&#8212;&#8212;&#8212;&#8212;&#8212;&#8212;&#8212;&#8212; Namn: Jesper Klang Mobilnummer: 0731541878 &#8212;&#8212;&#8212;&#8212;&#8212;&#8212;&#8212;&#8212;&#8212;&#8212;&#8212;&#8212;&#8212;&#8212;&#8212;&#8212;&#8212;&#8212;&#8212;&#8212;&#8212; [&hellip;]","og_url":"https:\/\/blogg.lnu.se\/musikproduktionsprogrammet\/mup10-oskarshamn\/","og_site_name":"Musikproduktionsprogrammet","article_modified_time":"2023-01-16T10:26:55+00:00","og_image":[{"url":"https:\/\/blogg.lnu.se\/musikproduktionsprogrammet\/files\/2010\/11\/MUP10_DavidL.jpg"}],"twitter_card":"summary_large_image","twitter_misc":{"Est. reading time":"2 minutes"},"schema":{"@context":"https:\/\/schema.org","@graph":[{"@type":"WebPage","@id":"https:\/\/blogg.lnu.se\/musikproduktionsprogrammet\/mup10-oskarshamn\/","url":"https:\/\/blogg.lnu.se\/musikproduktionsprogrammet\/mup10-oskarshamn\/","name":"MUP10 - Oskarshamn - Musikproduktionsprogrammet","isPartOf":{"@id":"https:\/\/blogg.lnu.se\/musikproduktionsprogrammet\/#website"},"datePublished":"2010-11-10T14:46:35+00:00","dateModified":"2023-01-16T10:26:55+00:00","inLanguage":"en-US","potentialAction":[{"@type":"ReadAction","target":["https:\/\/blogg.lnu.se\/musikproduktionsprogrammet\/mup10-oskarshamn\/"]}]},{"@type":"WebSite","@id":"https:\/\/blogg.lnu.se\/musikproduktionsprogrammet\/#website","url":"https:\/\/blogg.lnu.se\/musikproduktionsprogrammet\/","name":"Musikproduktionsprogrammet","description":"","potentialAction":[{"@type":"SearchAction","target":{"@type":"EntryPoint","urlTemplate":"https:\/\/blogg.lnu.se\/musikproduktionsprogrammet\/?s={search_term_string}"},"query-input":"required name=search_term_string"}],"inLanguage":"en-US"}]}},"_links":{"self":[{"href":"https:\/\/blogg.lnu.se\/musikproduktionsprogrammet\/wp-json\/wp\/v2\/pages\/129","targetHints":{"allow":["GET"]}}],"collection":[{"href":"https:\/\/blogg.lnu.se\/musikproduktionsprogrammet\/wp-json\/wp\/v2\/pages"}],"about":[{"href":"https:\/\/blogg.lnu.se\/musikproduktionsprogrammet\/wp-json\/wp\/v2\/types\/page"}],"author":[{"embeddable":true,"href":"https:\/\/blogg.lnu.se\/musikproduktionsprogrammet\/wp-json\/wp\/v2\/users\/2029"}],"replies":[{"embeddable":true,"href":"https:\/\/blogg.lnu.se\/musikproduktionsprogrammet\/wp-json\/wp\/v2\/comments?post=129"}],"version-history":[{"count":7,"href":"https:\/\/blogg.lnu.se\/musikproduktionsprogrammet\/wp-json\/wp\/v2\/pages\/129\/revisions"}],"predecessor-version":[{"id":1232,"href":"https:\/\/blogg.lnu.se\/musikproduktionsprogrammet\/wp-json\/wp\/v2\/pages\/129\/revisions\/1232"}],"wp:attachment":[{"href":"https:\/\/blogg.lnu.se\/musikproduktionsprogrammet\/wp-json\/wp\/v2\/media?parent=129"}],"curies":[{"name":"wp","href":"https:\/\/api.w.org\/{rel}","templated":true}]}}