{"id":16,"date":"2024-04-19T11:09:55","date_gmt":"2024-04-19T09:09:55","guid":{"rendered":"https:\/\/blogg.lnu.se\/testsida-temp\/?page_id=16"},"modified":"2024-04-19T11:09:56","modified_gmt":"2024-04-19T09:09:56","slug":"startsida","status":"publish","type":"page","link":"https:\/\/blogg.lnu.se\/testsida-temp\/","title":{"rendered":"Startsida"},"content":{"rendered":"\n<p>Det h\u00e4r en testsida i utbildningssyfte. Det betyder att det inte blir roligare inneh\u00e5ll \u00e4n s\u00e5h\u00e4r.<br>Ha en fin dag!<\/p>\n","protected":false},"excerpt":{"rendered":"<p>Det h\u00e4r en testsida i utbildningssyfte. Det betyder att det inte blir roligare inneh\u00e5ll \u00e4n s\u00e5h\u00e4r.Ha en fin dag!<\/p>\n","protected":false},"author":19943,"featured_media":0,"parent":0,"menu_order":0,"comment_status":"closed","ping_status":"closed","template":"","meta":{"footnotes":""},"class_list":["post-16","page","type-page","status-publish","hentry"],"acf":[],"yoast_head":"<!-- This site is optimized with the Yoast SEO plugin v21.7 - https:\/\/yoast.com\/wordpress\/plugins\/seo\/ -->\r\n<title>Startsida - En tempor\u00e4r sida i utvecklings- och utbildningssyfte<\/title>\r\n<meta name=\"robots\" content=\"index, follow, max-snippet:-1, max-image-preview:large, max-video-preview:-1\" \/>\r\n<link rel=\"canonical\" href=\"https:\/\/blogg.lnu.se\/testsida-temp\/\" \/>\r\n<meta property=\"og:locale\" content=\"sv_SE\" \/>\r\n<meta property=\"og:type\" content=\"article\" \/>\r\n<meta property=\"og:title\" content=\"Startsida - En tempor\u00e4r sida i utvecklings- och utbildningssyfte\" \/>\r\n<meta property=\"og:description\" content=\"Det h\u00e4r en testsida i utbildningssyfte. Det betyder att det inte blir roligare inneh\u00e5ll \u00e4n s\u00e5h\u00e4r.Ha en fin dag!\" \/>\r\n<meta property=\"og:url\" content=\"https:\/\/blogg.lnu.se\/testsida-temp\/\" \/>\r\n<meta property=\"og:site_name\" content=\"En tempor\u00e4r sida i utvecklings- och utbildningssyfte\" \/>\r\n<meta property=\"article:modified_time\" content=\"2024-04-19T09:09:56+00:00\" \/>\r\n<meta name=\"twitter:card\" content=\"summary_large_image\" \/>\r\n<meta name=\"twitter:label1\" content=\"Ber\u00e4knad l\u00e4stid\" \/>\n\t<meta name=\"twitter:data1\" content=\"1 minut\" \/>\r\n<script type=\"application\/ld+json\" class=\"yoast-schema-graph\">{\"@context\":\"https:\/\/schema.org\",\"@graph\":[{\"@type\":\"WebPage\",\"@id\":\"https:\/\/blogg.lnu.se\/testsida-temp\/\",\"url\":\"https:\/\/blogg.lnu.se\/testsida-temp\/\",\"name\":\"Startsida - En tempor\u00e4r sida i utvecklings- och utbildningssyfte\",\"isPartOf\":{\"@id\":\"https:\/\/blogg.lnu.se\/testsida-temp\/#website\"},\"datePublished\":\"2024-04-19T09:09:55+00:00\",\"dateModified\":\"2024-04-19T09:09:56+00:00\",\"breadcrumb\":{\"@id\":\"https:\/\/blogg.lnu.se\/testsida-temp\/#breadcrumb\"},\"inLanguage\":\"sv-SE\",\"potentialAction\":[{\"@type\":\"ReadAction\",\"target\":[\"https:\/\/blogg.lnu.se\/testsida-temp\/\"]}]},{\"@type\":\"BreadcrumbList\",\"@id\":\"https:\/\/blogg.lnu.se\/testsida-temp\/#breadcrumb\",\"itemListElement\":[{\"@type\":\"ListItem\",\"position\":1,\"name\":\"Hem\",\"item\":\"https:\/\/blogg.lnu.se\/testsida-temp\/\"},{\"@type\":\"ListItem\",\"position\":2,\"name\":\"Startsida\"}]},{\"@type\":\"WebSite\",\"@id\":\"https:\/\/blogg.lnu.se\/testsida-temp\/#website\",\"url\":\"https:\/\/blogg.lnu.se\/testsida-temp\/\",\"name\":\"En tempor\u00e4r sida i utvecklings- och utbildningssyfte\",\"description\":\"\",\"potentialAction\":[{\"@type\":\"SearchAction\",\"target\":{\"@type\":\"EntryPoint\",\"urlTemplate\":\"https:\/\/blogg.lnu.se\/testsida-temp\/?s={search_term_string}\"},\"query-input\":\"required name=search_term_string\"}],\"inLanguage\":\"sv-SE\"}]}<\/script>\r\n<!-- \/ Yoast SEO plugin. -->","yoast_head_json":{"title":"Startsida - En tempor\u00e4r sida i utvecklings- och utbildningssyfte","robots":{"index":"index","follow":"follow","max-snippet":"max-snippet:-1","max-image-preview":"max-image-preview:large","max-video-preview":"max-video-preview:-1"},"canonical":"https:\/\/blogg.lnu.se\/testsida-temp\/","og_locale":"sv_SE","og_type":"article","og_title":"Startsida - En tempor\u00e4r sida i utvecklings- och utbildningssyfte","og_description":"Det h\u00e4r en testsida i utbildningssyfte. Det betyder att det inte blir roligare inneh\u00e5ll \u00e4n s\u00e5h\u00e4r.Ha en fin dag!","og_url":"https:\/\/blogg.lnu.se\/testsida-temp\/","og_site_name":"En tempor\u00e4r sida i utvecklings- och utbildningssyfte","article_modified_time":"2024-04-19T09:09:56+00:00","twitter_card":"summary_large_image","twitter_misc":{"Ber\u00e4knad l\u00e4stid":"1 minut"},"schema":{"@context":"https:\/\/schema.org","@graph":[{"@type":"WebPage","@id":"https:\/\/blogg.lnu.se\/testsida-temp\/","url":"https:\/\/blogg.lnu.se\/testsida-temp\/","name":"Startsida - En tempor\u00e4r sida i utvecklings- och utbildningssyfte","isPartOf":{"@id":"https:\/\/blogg.lnu.se\/testsida-temp\/#website"},"datePublished":"2024-04-19T09:09:55+00:00","dateModified":"2024-04-19T09:09:56+00:00","breadcrumb":{"@id":"https:\/\/blogg.lnu.se\/testsida-temp\/#breadcrumb"},"inLanguage":"sv-SE","potentialAction":[{"@type":"ReadAction","target":["https:\/\/blogg.lnu.se\/testsida-temp\/"]}]},{"@type":"BreadcrumbList","@id":"https:\/\/blogg.lnu.se\/testsida-temp\/#breadcrumb","itemListElement":[{"@type":"ListItem","position":1,"name":"Hem","item":"https:\/\/blogg.lnu.se\/testsida-temp\/"},{"@type":"ListItem","position":2,"name":"Startsida"}]},{"@type":"WebSite","@id":"https:\/\/blogg.lnu.se\/testsida-temp\/#website","url":"https:\/\/blogg.lnu.se\/testsida-temp\/","name":"En tempor\u00e4r sida i utvecklings- och utbildningssyfte","description":"","potentialAction":[{"@type":"SearchAction","target":{"@type":"EntryPoint","urlTemplate":"https:\/\/blogg.lnu.se\/testsida-temp\/?s={search_term_string}"},"query-input":"required name=search_term_string"}],"inLanguage":"sv-SE"}]}},"_links":{"self":[{"href":"https:\/\/blogg.lnu.se\/testsida-temp\/wp-json\/wp\/v2\/pages\/16","targetHints":{"allow":["GET"]}}],"collection":[{"href":"https:\/\/blogg.lnu.se\/testsida-temp\/wp-json\/wp\/v2\/pages"}],"about":[{"href":"https:\/\/blogg.lnu.se\/testsida-temp\/wp-json\/wp\/v2\/types\/page"}],"author":[{"embeddable":true,"href":"https:\/\/blogg.lnu.se\/testsida-temp\/wp-json\/wp\/v2\/users\/19943"}],"replies":[{"embeddable":true,"href":"https:\/\/blogg.lnu.se\/testsida-temp\/wp-json\/wp\/v2\/comments?post=16"}],"version-history":[{"count":1,"href":"https:\/\/blogg.lnu.se\/testsida-temp\/wp-json\/wp\/v2\/pages\/16\/revisions"}],"predecessor-version":[{"id":18,"href":"https:\/\/blogg.lnu.se\/testsida-temp\/wp-json\/wp\/v2\/pages\/16\/revisions\/18"}],"wp:attachment":[{"href":"https:\/\/blogg.lnu.se\/testsida-temp\/wp-json\/wp\/v2\/media?parent=16"}],"curies":[{"name":"wp","href":"https:\/\/api.w.org\/{rel}","templated":true}]}}